{"id":3811,"date":"2018-10-25T12:36:29","date_gmt":"2018-10-25T12:36:29","guid":{"rendered":"http:\/\/quanticalabs.com\/wptest\/medicenter-new\/?page_id=3811"},"modified":"2023-12-30T22:12:49","modified_gmt":"2023-12-30T19:12:49","slug":"hakkimizda","status":"publish","type":"page","link":"https:\/\/ruyangenctunc.com\/tr\/hakkimizda\/","title":{"rendered":"Hakk\u0131m\u0131zda"},"content":{"rendered":"<div class=\"vc_row wpb_row vc_row-fluid page-margin-top-section\"><div class=\"padding-right-30 wpb_column vc_column_container vc_col-sm-6\"><div class=\"wpb_wrapper\">\n\t<div  class=\"wpb_single_image wpb_content_element vc_align_left   page-margin-top side-image\">\n\t\t\n\t\t<figure class=\"wpb_wrapper vc_figure\">\n\t\t\t<div class=\"vc_single_image-wrapper   vc_box_border_grey\"><img loading=\"lazy\" decoding=\"async\" width=\"320\" height=\"460\" src=\"https:\/\/ruyangenctunc.com\/wp-content\/uploads\/2023\/12\/5a8ac66b-c379-4242-b0cf-4919e80978c1-e1703963548286-320x460.jpg\" class=\"vc_single_image-img attachment-medicenter-vertical-image\" alt=\"\" title=\"5a8ac66b-c379-4242-b0cf-4919e80978c1\" srcset=\"https:\/\/ruyangenctunc.com\/wp-content\/uploads\/2023\/12\/5a8ac66b-c379-4242-b0cf-4919e80978c1-e1703963548286-320x460.jpg 320w, https:\/\/ruyangenctunc.com\/wp-content\/uploads\/2023\/12\/5a8ac66b-c379-4242-b0cf-4919e80978c1-e1703963548286-8x12.jpg 8w\" sizes=\"auto, (max-width: 320px) 100vw, 320px\" \/><\/div>\n\t\t<\/figure>\n\t<\/div>\n\n\t<div  class=\"wpb_single_image wpb_content_element vc_align_right\">\n\t\t\n\t\t<figure class=\"wpb_wrapper vc_figure\">\n\t\t\t<div class=\"vc_single_image-wrapper   vc_box_border_grey\"><img loading=\"lazy\" decoding=\"async\" width=\"320\" height=\"460\" src=\"https:\/\/ruyangenctunc.com\/wp-content\/uploads\/2023\/12\/dd5904f9-1e92-457c-b7b7-7135acd7b29c-320x460.jpg\" class=\"vc_single_image-img attachment-medicenter-vertical-image\" alt=\"\" title=\"dd5904f9-1e92-457c-b7b7-7135acd7b29c\" srcset=\"https:\/\/ruyangenctunc.com\/wp-content\/uploads\/2023\/12\/dd5904f9-1e92-457c-b7b7-7135acd7b29c-320x460.jpg 320w, https:\/\/ruyangenctunc.com\/wp-content\/uploads\/2023\/12\/dd5904f9-1e92-457c-b7b7-7135acd7b29c-9x12.jpg 9w\" sizes=\"auto, (max-width: 320px) 100vw, 320px\" \/><\/div>\n\t\t<\/figure>\n\t<\/div>\n<\/div><\/div><div class=\"wpb_column vc_column_container vc_col-sm-6\"><div class=\"wpb_wrapper\"><h3 class=\"box-header\">Herkes i\u00e7in g\u00fczel bir g\u00fcl\u00fc\u015f<\/h3><h2 class=\"box-header large margin-top-30 no-border\">Di\u015fhekimi R\u00fcyan Gen\u00e7 Tun\u00e7<\/h2>\n\t<div class=\"wpb_text_column wpb_content_element  large margin-top-10\" >\n\t\t<div class=\"wpb_wrapper\">\n\t\t\t<p>Mersin&#8217;de ilkokul, ortaokul ve lise e\u011fitimini tamamlad\u0131ktan sonra 2003 y\u0131l\u0131nda Ege \u00dcniversitesi Di\u015f Hekimli\u011fi Fak\u00fcltesi&#8217;ni kazand\u0131. 2008 y\u0131l\u0131nda fak\u00fclteden ba\u015far\u0131yla mezun oldu. 2008-2011 y\u0131llar\u0131 aras\u0131nda \u00f6zel bir poliklinikte, 2011-2016 y\u0131llar\u0131 aras\u0131nda ise \u00f6zel bir hastanede g\u00f6rev ald\u0131. 2020 y\u0131l\u0131ndan beri kendi klini\u011finde \u00e7al\u0131\u015fmaktad\u0131r.<\/p>\n<p>Dijital di\u015f hekimli\u011finin \u00f6neminin artmas\u0131yla birlikte, G\u00fcl\u00fc\u015f Tasar\u0131m\u0131 alan\u0131nda kendini geli\u015ftirmek i\u00e7in bir\u00e7ok yurt i\u00e7i ve yurt d\u0131\u015f\u0131 e\u011fitime ve kongreye kat\u0131ld\u0131. \u0130mplant cerrahisi ile g\u00fcl\u00fc\u015f\u00fcn tamamlanmas\u0131 ve a\u011f\u0131z sa\u011fl\u0131\u011f\u0131n\u0131n s\u00fcrd\u00fcr\u00fclebilir olmas\u0131 gibi mesle\u011finin bir\u00e7ok alan\u0131yla ilgilenmeye devam etmektedir. Mesle\u011fini icra ederken \u00e7a\u011f\u0131n gerekliliklerine ayak uydurmak, mesleki ve t\u00fcm teknik ekipmanlar\u0131n\u0131 g\u00fcncel tutmak \u00f6ncelikli hedefleri aras\u0131ndad\u0131r.<\/p>\n\n\t\t<\/div>\n\t<\/div>\n<\/div><\/div><\/div>\n","protected":false},"excerpt":{"rendered":"Herkes i\u00e7in g\u00fczel bir g\u00fcl\u00fc\u015fDi\u015fhekimi R\u00fcyan Gen\u00e7 Tun\u00e7 Mersin'de ilkokul, ortaokul ve lise e\u011fitimini tamamlad\u0131ktan sonra 2003 y\u0131l\u0131nda Ege \u00dcniversitesi Di\u015f Hekimli\u011fi Fak\u00fcltesi'ni kazand\u0131. 2008 y\u0131l\u0131nda fak\u00fclteden ba\u015far\u0131yla mezun oldu. 2008-2011 y\u0131llar\u0131 aras\u0131nda \u00f6zel bir poliklinikte, 2011-2016 y\u0131llar\u0131 aras\u0131nda ise \u00f6zel bir hastanede g\u00f6rev ald\u0131. 2020 y\u0131l\u0131ndan beri kendi klini\u011finde \u00e7al\u0131\u015fmaktad\u0131r. Dijital di\u015f hekimli\u011finin \u00f6neminin","protected":false},"author":1,"featured_media":0,"parent":0,"menu_order":0,"comment_status":"closed","ping_status":"closed","template":"","meta":{"_coblocks_attr":"","_coblocks_dimensions":"","_coblocks_responsive_height":"","_coblocks_accordion_ie_support":"","footnotes":""},"class_list":["post-3811","page","type-page","status-publish","hentry"],"_links":{"self":[{"href":"https:\/\/ruyangenctunc.com\/tr\/wp-json\/wp\/v2\/pages\/3811","targetHints":{"allow":["GET"]}}],"collection":[{"href":"https:\/\/ruyangenctunc.com\/tr\/wp-json\/wp\/v2\/pages"}],"about":[{"href":"https:\/\/ruyangenctunc.com\/tr\/wp-json\/wp\/v2\/types\/page"}],"author":[{"embeddable":true,"href":"https:\/\/ruyangenctunc.com\/tr\/wp-json\/wp\/v2\/users\/1"}],"replies":[{"embeddable":true,"href":"https:\/\/ruyangenctunc.com\/tr\/wp-json\/wp\/v2\/comments?post=3811"}],"version-history":[{"count":6,"href":"https:\/\/ruyangenctunc.com\/tr\/wp-json\/wp\/v2\/pages\/3811\/revisions"}],"predecessor-version":[{"id":5398,"href":"https:\/\/ruyangenctunc.com\/tr\/wp-json\/wp\/v2\/pages\/3811\/revisions\/5398"}],"wp:attachment":[{"href":"https:\/\/ruyangenctunc.com\/tr\/wp-json\/wp\/v2\/media?parent=3811"}],"curies":[{"name":"wp","href":"https:\/\/api.w.org\/{rel}","templated":true}]}}