{"id":1738,"date":"2013-02-14T10:21:24","date_gmt":"2013-02-14T10:21:24","guid":{"rendered":"http:\/\/localhost\/wordpress\/medicenter\/?page_id=6"},"modified":"2023-12-29T16:34:25","modified_gmt":"2023-12-29T16:34:25","slug":"tedaviler","status":"publish","type":"page","link":"https:\/\/ruyangenctunc.com\/tr\/tedaviler\/","title":{"rendered":"Tedaviler"},"content":{"rendered":"<div class=\"vc_row wpb_row vc_row-fluid\"><div class=\"wpb_column vc_column_container vc_col-sm-8\"><div class=\"wpb_wrapper\"><ul class=\"blog clearfix page-margin-top\"><li class=\" post post-5387 type-post status-publish format-standard has-post-thumbnail hentry category-tedaviler\"><ul class=\"comment-box clearfix\"><li class=\"date clearfix animated-element animation-slideRight\">\n\t\t\t\t\t\t\t\t<div class=\"value\">29 ARAL\u0131K 2023<\/div>\n\t\t\t\t\t\t\t\t<div class=\"arrow-date\"><\/div>\n\t\t\t\t\t\t\t<\/li><li class=\"comments-number animated-element animation-slideUp duration-300 delay-500\">\t\t\t<a href=\"https:\/\/ruyangenctunc.com\/tr\/kanal-tedavisi\/#respond\" title=\"0 COMMENTS\">0 COMMENTS<\/a>\n\t\t\t\t\t\t\t<\/li><\/ul><div class=\"post-content\"><a class=\"post-image\" href=\"https:\/\/ruyangenctunc.com\/tr\/kanal-tedavisi\/\" title=\"Kanal Tedavisi\"><span class=\"mc-preloader\"><\/span><img loading=\"lazy\" decoding=\"async\" width=\"670\" height=\"446\" src=\"https:\/\/ruyangenctunc.com\/wp-content\/uploads\/2023\/12\/DALL\u00b7E-2023-12-29-19.35.35-An-educational-illustration-showing-a-dentist-performing-endodontic-treatment-specifically-a-root-canal-procedure-on-a-patient.-The-image-should-dep-670x446.png\" class=\"attachment-blog-post-thumb size-blog-post-thumb wp-post-image\" alt=\"Kanal Tedavisi\" title=\"\" srcset=\"https:\/\/ruyangenctunc.com\/wp-content\/uploads\/2023\/12\/DALL\u00b7E-2023-12-29-19.35.35-An-educational-illustration-showing-a-dentist-performing-endodontic-treatment-specifically-a-root-canal-procedure-on-a-patient.-The-image-should-dep-670x446.png 670w, https:\/\/ruyangenctunc.com\/wp-content\/uploads\/2023\/12\/DALL\u00b7E-2023-12-29-19.35.35-An-educational-illustration-showing-a-dentist-performing-endodontic-treatment-specifically-a-root-canal-procedure-on-a-patient.-The-image-should-dep-600x400.png 600w, https:\/\/ruyangenctunc.com\/wp-content\/uploads\/2023\/12\/DALL\u00b7E-2023-12-29-19.35.35-An-educational-illustration-showing-a-dentist-performing-endodontic-treatment-specifically-a-root-canal-procedure-on-a-patient.-The-image-should-dep-480x320.png 480w, https:\/\/ruyangenctunc.com\/wp-content\/uploads\/2023\/12\/DALL\u00b7E-2023-12-29-19.35.35-An-educational-illustration-showing-a-dentist-performing-endodontic-treatment-specifically-a-root-canal-procedure-on-a-patient.-The-image-should-dep-390x260.png 390w, https:\/\/ruyangenctunc.com\/wp-content\/uploads\/2023\/12\/DALL\u00b7E-2023-12-29-19.35.35-An-educational-illustration-showing-a-dentist-performing-endodontic-treatment-specifically-a-root-canal-procedure-on-a-patient.-The-image-should-dep-285x190.png 285w\" sizes=\"auto, (max-width: 670px) 100vw, 670px\" \/><\/a><h2 class=\"post-title\"><a href=\"https:\/\/ruyangenctunc.com\/tr\/kanal-tedavisi\/\" title=\"Kanal Tedavisi\">Kanal Tedavisi<\/a><\/h2><p>Endodonti Nedir? Endodonti, di\u015f pulpas\u0131 ve \u00e7evre dokular\u0131n hastal\u0131klar\u0131n\u0131n ve yaralanmalar\u0131n\u0131n te\u015fhisi, tedavisi ve \u00f6nlenmesi ile ilgilenen di\u015f hekimli\u011finin uzmanl\u0131k alan\u0131d\u0131r. Endodontide en s\u0131k yap\u0131lan i\u015flem k\u00f6k kanal tedavisidir. Di\u015f Pulpa:&#8230;<\/p>\n<a title=\"Read more\" href=\"https:\/\/ruyangenctunc.com\/tr\/kanal-tedavisi\/\" class=\"more template-arrow-horizontal-1-after\">Read more<\/a>\t\t<div class=\"post-footer clearfix\">\n\t\t\t\t\t\t\t\t<ul class=\"post-footer-details\"><li class=\"post-footer-author\">\n\t\t\t\t\t\t\t\t\t\t<a class=\"author\" href=\"https:\/\/ruyangenctunc.com\" title=\"R\u00fcyan Gen\u00e7 Tun\u00e7\">R\u00fcyan Gen\u00e7 Tun\u00e7<\/a>\n\t\t\t\t\t\t\t\t\t<\/li><li class=\"post-footer-category\">\n\t\t\t\t\t\t\t\t\t\t\t<a href=\"https:\/\/ruyangenctunc.com\/tr\/category\/tedaviler\/\" title=\"View all posts filed under Tedaviler\">Tedaviler<\/a>\n\t\t\t\t\t\t\t\t\t\t<\/li><\/ul><\/div><\/div><\/li><li class=\" post post-5384 type-post status-publish format-standard has-post-thumbnail hentry category-uncategorized\"><ul class=\"comment-box clearfix\"><li class=\"date clearfix animated-element animation-slideRight\">\n\t\t\t\t\t\t\t\t<div class=\"value\">29 ARAL\u0131K 2023<\/div>\n\t\t\t\t\t\t\t\t<div class=\"arrow-date\"><\/div>\n\t\t\t\t\t\t\t<\/li><li class=\"comments-number animated-element animation-slideUp duration-300 delay-500\">\t\t\t<a href=\"https:\/\/ruyangenctunc.com\/tr\/cocuk-dis-hekimligi\/#respond\" title=\"0 COMMENTS\">0 COMMENTS<\/a>\n\t\t\t\t\t\t\t<\/li><\/ul><div class=\"post-content\"><a class=\"post-image\" href=\"https:\/\/ruyangenctunc.com\/tr\/cocuk-dis-hekimligi\/\" title=\"\u00c7ocuk Di\u015f Hekimli\u011fi\"><span class=\"mc-preloader\"><\/span><img loading=\"lazy\" decoding=\"async\" width=\"670\" height=\"446\" src=\"https:\/\/ruyangenctunc.com\/wp-content\/uploads\/2023\/12\/DALL\u00b7E-2023-12-29-19.26.55-A-warm-and-inviting-pediatric-dentists-office-designed-to-be-child-friendly.-The-scene-includes-colorful-decorations-dental-chairs-sized-for-childr-670x446.png\" class=\"attachment-blog-post-thumb size-blog-post-thumb wp-post-image\" alt=\"\u00c7ocuk Di\u015f Hekimli\u011fi\" title=\"\" srcset=\"https:\/\/ruyangenctunc.com\/wp-content\/uploads\/2023\/12\/DALL\u00b7E-2023-12-29-19.26.55-A-warm-and-inviting-pediatric-dentists-office-designed-to-be-child-friendly.-The-scene-includes-colorful-decorations-dental-chairs-sized-for-childr-670x446.png 670w, https:\/\/ruyangenctunc.com\/wp-content\/uploads\/2023\/12\/DALL\u00b7E-2023-12-29-19.26.55-A-warm-and-inviting-pediatric-dentists-office-designed-to-be-child-friendly.-The-scene-includes-colorful-decorations-dental-chairs-sized-for-childr-600x400.png 600w, https:\/\/ruyangenctunc.com\/wp-content\/uploads\/2023\/12\/DALL\u00b7E-2023-12-29-19.26.55-A-warm-and-inviting-pediatric-dentists-office-designed-to-be-child-friendly.-The-scene-includes-colorful-decorations-dental-chairs-sized-for-childr-480x320.png 480w, https:\/\/ruyangenctunc.com\/wp-content\/uploads\/2023\/12\/DALL\u00b7E-2023-12-29-19.26.55-A-warm-and-inviting-pediatric-dentists-office-designed-to-be-child-friendly.-The-scene-includes-colorful-decorations-dental-chairs-sized-for-childr-390x260.png 390w, https:\/\/ruyangenctunc.com\/wp-content\/uploads\/2023\/12\/DALL\u00b7E-2023-12-29-19.26.55-A-warm-and-inviting-pediatric-dentists-office-designed-to-be-child-friendly.-The-scene-includes-colorful-decorations-dental-chairs-sized-for-childr-285x190.png 285w\" sizes=\"auto, (max-width: 670px) 100vw, 670px\" \/><\/a><h2 class=\"post-title\"><a href=\"https:\/\/ruyangenctunc.com\/tr\/cocuk-dis-hekimligi\/\" title=\"\u00c7ocuk Di\u015f Hekimli\u011fi\">\u00c7ocuk Di\u015f Hekimli\u011fi<\/a><\/h2><p>Bir ebeveyn olarak \u00e7ocu\u011funuz i\u00e7in en iyisini istersiniz ve bu, oral sa\u011fl\u0131klar\u0131n\u0131 da i\u00e7erir. Pediyatrik di\u015f hekimli\u011fi, bebeklikten ergenli\u011fe kadar \u00e7ocuklar\u0131n di\u015f, di\u015f eti ve genel a\u011f\u0131z sa\u011fl\u0131\u011f\u0131 ile ilgilenen uzmanla\u015fm\u0131\u015f bir aland\u0131r. Bu&#8230;<\/p>\n<a title=\"Read more\" href=\"https:\/\/ruyangenctunc.com\/tr\/cocuk-dis-hekimligi\/\" class=\"more template-arrow-horizontal-1-after\">Read more<\/a>\t\t<div class=\"post-footer clearfix\">\n\t\t\t\t\t\t\t\t<ul class=\"post-footer-details\"><li class=\"post-footer-author\">\n\t\t\t\t\t\t\t\t\t\t<a class=\"author\" href=\"https:\/\/ruyangenctunc.com\" title=\"R\u00fcyan Gen\u00e7 Tun\u00e7\">R\u00fcyan Gen\u00e7 Tun\u00e7<\/a>\n\t\t\t\t\t\t\t\t\t<\/li><li class=\"post-footer-category\">\n\t\t\t\t\t\t\t\t\t\t\t<a href=\"https:\/\/ruyangenctunc.com\/tr\/category\/uncategorized\/\" title=\"View all posts filed under Uncategorized\">Uncategorized<\/a>\n\t\t\t\t\t\t\t\t\t\t<\/li><\/ul><\/div><\/div><\/li><li class=\" post post-5381 type-post status-publish format-standard has-post-thumbnail hentry category-tedaviler\"><ul class=\"comment-box clearfix\"><li class=\"date clearfix animated-element animation-slideRight\">\n\t\t\t\t\t\t\t\t<div class=\"value\">29 ARAL\u0131K 2023<\/div>\n\t\t\t\t\t\t\t\t<div class=\"arrow-date\"><\/div>\n\t\t\t\t\t\t\t<\/li><li class=\"comments-number animated-element animation-slideUp duration-300 delay-500\">\t\t\t<a href=\"https:\/\/ruyangenctunc.com\/tr\/dijital-dis-hekimligi\/#respond\" title=\"0 COMMENTS\">0 COMMENTS<\/a>\n\t\t\t\t\t\t\t<\/li><\/ul><div class=\"post-content\"><a class=\"post-image\" href=\"https:\/\/ruyangenctunc.com\/tr\/dijital-dis-hekimligi\/\" title=\"Dijital Di\u015f Hekimli\u011fi\"><span class=\"mc-preloader\"><\/span><img loading=\"lazy\" decoding=\"async\" width=\"670\" height=\"446\" src=\"https:\/\/ruyangenctunc.com\/wp-content\/uploads\/2023\/12\/DALL\u00b7E-2023-12-29-19.16.14-An-elegant-and-modern-dental-clinic-with-advanced-digital-dentistry-equipment.-The-clinic-is-bright-and-welcoming-featuring-a-state-of-the-art-dental-670x446.png\" class=\"attachment-blog-post-thumb size-blog-post-thumb wp-post-image\" alt=\"Dijital Di\u015f Hekimli\u011fi\" title=\"\" srcset=\"https:\/\/ruyangenctunc.com\/wp-content\/uploads\/2023\/12\/DALL\u00b7E-2023-12-29-19.16.14-An-elegant-and-modern-dental-clinic-with-advanced-digital-dentistry-equipment.-The-clinic-is-bright-and-welcoming-featuring-a-state-of-the-art-dental-670x446.png 670w, https:\/\/ruyangenctunc.com\/wp-content\/uploads\/2023\/12\/DALL\u00b7E-2023-12-29-19.16.14-An-elegant-and-modern-dental-clinic-with-advanced-digital-dentistry-equipment.-The-clinic-is-bright-and-welcoming-featuring-a-state-of-the-art-dental-600x400.png 600w, https:\/\/ruyangenctunc.com\/wp-content\/uploads\/2023\/12\/DALL\u00b7E-2023-12-29-19.16.14-An-elegant-and-modern-dental-clinic-with-advanced-digital-dentistry-equipment.-The-clinic-is-bright-and-welcoming-featuring-a-state-of-the-art-dental-480x320.png 480w, https:\/\/ruyangenctunc.com\/wp-content\/uploads\/2023\/12\/DALL\u00b7E-2023-12-29-19.16.14-An-elegant-and-modern-dental-clinic-with-advanced-digital-dentistry-equipment.-The-clinic-is-bright-and-welcoming-featuring-a-state-of-the-art-dental-390x260.png 390w, https:\/\/ruyangenctunc.com\/wp-content\/uploads\/2023\/12\/DALL\u00b7E-2023-12-29-19.16.14-An-elegant-and-modern-dental-clinic-with-advanced-digital-dentistry-equipment.-The-clinic-is-bright-and-welcoming-featuring-a-state-of-the-art-dental-285x190.png 285w\" sizes=\"auto, (max-width: 670px) 100vw, 670px\" \/><\/a><h2 class=\"post-title\"><a href=\"https:\/\/ruyangenctunc.com\/tr\/dijital-dis-hekimligi\/\" title=\"Dijital Di\u015f Hekimli\u011fi\">Dijital Di\u015f Hekimli\u011fi<\/a><\/h2><p>Di\u015f bak\u0131m\u0131 alan\u0131, dijital di\u015f hekimli\u011finin ortaya \u00e7\u0131k\u0131\u015f\u0131 sayesinde \u00f6nemli bir d\u00f6n\u00fc\u015f\u00fcm ge\u00e7irmektedir. Bu yenilik\u00e7i yakla\u015f\u0131m, sadece ge\u00e7ici bir trend de\u011fil; di\u015f hekimlerinin tedavileri nas\u0131l te\u015fhis etti\u011fi, planlad\u0131\u011f\u0131 ve uygulad\u0131\u011f\u0131&#8230;<\/p>\n<a title=\"Read more\" href=\"https:\/\/ruyangenctunc.com\/tr\/dijital-dis-hekimligi\/\" class=\"more template-arrow-horizontal-1-after\">Read more<\/a>\t\t<div class=\"post-footer clearfix\">\n\t\t\t\t\t\t\t\t<ul class=\"post-footer-details\"><li class=\"post-footer-author\">\n\t\t\t\t\t\t\t\t\t\t<a class=\"author\" href=\"https:\/\/ruyangenctunc.com\" title=\"R\u00fcyan Gen\u00e7 Tun\u00e7\">R\u00fcyan Gen\u00e7 Tun\u00e7<\/a>\n\t\t\t\t\t\t\t\t\t<\/li><li class=\"post-footer-category\">\n\t\t\t\t\t\t\t\t\t\t\t<a href=\"https:\/\/ruyangenctunc.com\/tr\/category\/tedaviler\/\" title=\"View all posts filed under Tedaviler\">Tedaviler<\/a>\n\t\t\t\t\t\t\t\t\t\t<\/li><\/ul><\/div><\/div><\/li><li class=\" post post-5261 type-post status-publish format-standard has-post-thumbnail hentry category-tedaviler\"><ul class=\"comment-box clearfix\"><li class=\"date clearfix animated-element animation-slideRight\">\n\t\t\t\t\t\t\t\t<div class=\"value\">29 ARAL\u0131K 2023<\/div>\n\t\t\t\t\t\t\t\t<div class=\"arrow-date\"><\/div>\n\t\t\t\t\t\t\t<\/li><li class=\"comments-number animated-element animation-slideUp duration-300 delay-500\">\t\t\t<a href=\"https:\/\/ruyangenctunc.com\/tr\/gulus-tasarimi\/#respond\" title=\"0 COMMENTS\">0 COMMENTS<\/a>\n\t\t\t\t\t\t\t<\/li><\/ul><div class=\"post-content\"><a class=\"post-image\" href=\"https:\/\/ruyangenctunc.com\/tr\/gulus-tasarimi\/\" title=\"G\u00fcl\u00fc\u015f Tasar\u0131m\u0131\"><span class=\"mc-preloader\"><\/span><img loading=\"lazy\" decoding=\"async\" width=\"670\" height=\"446\" src=\"https:\/\/ruyangenctunc.com\/wp-content\/uploads\/2023\/12\/DALL\u00b7E-2023-12-29-17.59.26-A-realistic-and-professional-featured-image-for-a-dental-blog-post-about-Smile-Design-showcasing-a-smiling-person-with-a-perfect-set-of-teeth.-The-ba-670x446.png\" class=\"attachment-blog-post-thumb size-blog-post-thumb wp-post-image\" alt=\"G\u00fcl\u00fc\u015f Tasar\u0131m\u0131\" title=\"\" srcset=\"https:\/\/ruyangenctunc.com\/wp-content\/uploads\/2023\/12\/DALL\u00b7E-2023-12-29-17.59.26-A-realistic-and-professional-featured-image-for-a-dental-blog-post-about-Smile-Design-showcasing-a-smiling-person-with-a-perfect-set-of-teeth.-The-ba-670x446.png 670w, https:\/\/ruyangenctunc.com\/wp-content\/uploads\/2023\/12\/DALL\u00b7E-2023-12-29-17.59.26-A-realistic-and-professional-featured-image-for-a-dental-blog-post-about-Smile-Design-showcasing-a-smiling-person-with-a-perfect-set-of-teeth.-The-ba-600x400.png 600w, https:\/\/ruyangenctunc.com\/wp-content\/uploads\/2023\/12\/DALL\u00b7E-2023-12-29-17.59.26-A-realistic-and-professional-featured-image-for-a-dental-blog-post-about-Smile-Design-showcasing-a-smiling-person-with-a-perfect-set-of-teeth.-The-ba-480x320.png 480w, https:\/\/ruyangenctunc.com\/wp-content\/uploads\/2023\/12\/DALL\u00b7E-2023-12-29-17.59.26-A-realistic-and-professional-featured-image-for-a-dental-blog-post-about-Smile-Design-showcasing-a-smiling-person-with-a-perfect-set-of-teeth.-The-ba-390x260.png 390w, https:\/\/ruyangenctunc.com\/wp-content\/uploads\/2023\/12\/DALL\u00b7E-2023-12-29-17.59.26-A-realistic-and-professional-featured-image-for-a-dental-blog-post-about-Smile-Design-showcasing-a-smiling-person-with-a-perfect-set-of-teeth.-The-ba-285x190.png 285w\" sizes=\"auto, (max-width: 670px) 100vw, 670px\" \/><\/a><h2 class=\"post-title\"><a href=\"https:\/\/ruyangenctunc.com\/tr\/gulus-tasarimi\/\" title=\"G\u00fcl\u00fc\u015f Tasar\u0131m\u0131\">G\u00fcl\u00fc\u015f Tasar\u0131m\u0131<\/a><\/h2><p>G\u00fcl\u00fc\u015f Tasar\u0131m\u0131 Nedir? G\u00fcl\u00fc\u015f Tasar\u0131m\u0131, \u00e7e\u015fitli kozmetik di\u015f hekimli\u011fi teknikleri arac\u0131l\u0131\u011f\u0131yla g\u00fcl\u00fc\u015f\u00fcn\u00fcz\u00fcn g\u00f6r\u00fcn\u00fcm\u00fcn\u00fc iyile\u015ftirmeye odaklanan bir di\u015f tedavisidir. Bu, sadece di\u015flerinizle ilgili de\u011fil; g\u00fcl\u00fc\u015f\u00fcn\u00fcz\u00fcn genel y\u00fcz&#8230;<\/p>\n<a title=\"Read more\" href=\"https:\/\/ruyangenctunc.com\/tr\/gulus-tasarimi\/\" class=\"more template-arrow-horizontal-1-after\">Read more<\/a>\t\t<div class=\"post-footer clearfix\">\n\t\t\t\t\t\t\t\t<ul class=\"post-footer-details\"><li class=\"post-footer-author\">\n\t\t\t\t\t\t\t\t\t\t<a class=\"author\" href=\"https:\/\/ruyangenctunc.com\" title=\"R\u00fcyan Gen\u00e7 Tun\u00e7\">R\u00fcyan Gen\u00e7 Tun\u00e7<\/a>\n\t\t\t\t\t\t\t\t\t<\/li><li class=\"post-footer-category\">\n\t\t\t\t\t\t\t\t\t\t\t<a href=\"https:\/\/ruyangenctunc.com\/tr\/category\/tedaviler\/\" title=\"View all posts filed under Tedaviler\">Tedaviler<\/a>\n\t\t\t\t\t\t\t\t\t\t<\/li><\/ul><\/div><\/div><\/li><\/ul><ul class='pagination page-margin-top'><li class='selected'><span>1<\/span><\/li><li><a href='https:\/\/ruyangenctunc.com\/tr\/wp-json\/wp\/v2\/pages\/1738\/page\/2\/'>2<\/a><\/li><\/ul><\/div><\/div><div class=\"wpb_column vc_column_container vc_col-sm-4\"><div class=\"wpb_wrapper\">\n\t<div class=\"wpb_gallery wpb_posts_slider wpb_content_element\" >\n\t\t<div class=\"wpb_wrapper\">\n\t\t\t<h2 class=\"wpb_heading wpb_posts_slider_heading\">Di\u011fer Yaz\u0131lar<\/h2>\n\t\t\t<div class=\"wpb_gallery_slides wpb_flexslider flexslider_fade flexslider\" data-interval=\"3\" data-flex_fx=\"fade\"><ul class=\"slides\"><li><a class=\"link_image\" href=\"https:\/\/ruyangenctunc.com\/tr\/implant-tedavisi\/\" title=\"Permalink to Implant Tedavisi\"><img loading=\"lazy\" decoding=\"async\" width=\"300\" height=\"300\" src=\"https:\/\/ruyangenctunc.com\/wp-content\/uploads\/2023\/12\/DALL\u00b7E-2023-12-29-17.25.13-A-detailed-and-realistic-illustration-of-a-dental-implant-showing-its-components_-a-titanium-screw-mimicking-the-tooth-root-an-abutment-and-a-den-300x300.png\" class=\"attachment-medium\" alt=\"\" title=\"DALL\u00b7E 2023-12-29 17.25.13 - A detailed and realistic illustration of a dental implant, showing its components_ a titanium screw (mimicking the tooth root), an abutment, and a den\" srcset=\"https:\/\/ruyangenctunc.com\/wp-content\/uploads\/2023\/12\/DALL\u00b7E-2023-12-29-17.25.13-A-detailed-and-realistic-illustration-of-a-dental-implant-showing-its-components_-a-titanium-screw-mimicking-the-tooth-root-an-abutment-and-a-den-300x300.png 300w, https:\/\/ruyangenctunc.com\/wp-content\/uploads\/2023\/12\/DALL\u00b7E-2023-12-29-17.25.13-A-detailed-and-realistic-illustration-of-a-dental-implant-showing-its-components_-a-titanium-screw-mimicking-the-tooth-root-an-abutment-and-a-den-150x150.png 150w, https:\/\/ruyangenctunc.com\/wp-content\/uploads\/2023\/12\/DALL\u00b7E-2023-12-29-17.25.13-A-detailed-and-realistic-illustration-of-a-dental-implant-showing-its-components_-a-titanium-screw-mimicking-the-tooth-root-an-abutment-and-a-den-768x768.png 768w, https:\/\/ruyangenctunc.com\/wp-content\/uploads\/2023\/12\/DALL\u00b7E-2023-12-29-17.25.13-A-detailed-and-realistic-illustration-of-a-dental-implant-showing-its-components_-a-titanium-screw-mimicking-the-tooth-root-an-abutment-and-a-den-12x12.png 12w, https:\/\/ruyangenctunc.com\/wp-content\/uploads\/2023\/12\/DALL\u00b7E-2023-12-29-17.25.13-A-detailed-and-realistic-illustration-of-a-dental-implant-showing-its-components_-a-titanium-screw-mimicking-the-tooth-root-an-abutment-and-a-den-100x100.png 100w, https:\/\/ruyangenctunc.com\/wp-content\/uploads\/2023\/12\/DALL\u00b7E-2023-12-29-17.25.13-A-detailed-and-realistic-illustration-of-a-dental-implant-showing-its-components_-a-titanium-screw-mimicking-the-tooth-root-an-abutment-and-a-den.png 1024w\" sizes=\"auto, (max-width: 300px) 100vw, 300px\" \/><\/a><div class=\"flex-caption\"><h2 class=\"post-title\"><a class=\"link_image\" href=\"https:\/\/ruyangenctunc.com\/tr\/implant-tedavisi\/\" title=\"Permalink to Implant Tedavisi\">Implant Tedavisi<\/a><\/h2><p>\u0130ster bir yaralanma, \u00e7\u00fcr\u00fck ya da ba\u015fka nedenlerle bir di\u015finizi kaybetmi\u015f olun, di\u015f implantlar\u0131, kendinize olan g\u00fcveninizi geri kazanman\u0131z i\u00e7in dayan\u0131kl\u0131 ve estetik a\u00e7\u0131dan ho\u015f bir se\u00e7enek sunar. Di\u015f \u0130mplantlar\u0131 Nedir? Di\u015f implantlar\u0131, genellikle titanyumdan yap\u0131lan ve cerrahi olarak \u00e7ene kemi\u011fine yerle\u015ftirilen yapay di\u015f k\u00f6kleridir. Zamanla, kemikle kayna\u015farak, yerine konacak di\u015fler i\u00e7in sa\u011flam bir temel<\/p>\n<\/div><\/li><li><a class=\"link_image\" href=\"https:\/\/ruyangenctunc.com\/tr\/kanal-tedavisi\/\" title=\"Permalink to Kanal Tedavisi\"><img loading=\"lazy\" decoding=\"async\" width=\"300\" height=\"300\" src=\"https:\/\/ruyangenctunc.com\/wp-content\/uploads\/2023\/12\/DALL\u00b7E-2023-12-29-19.35.35-An-educational-illustration-showing-a-dentist-performing-endodontic-treatment-specifically-a-root-canal-procedure-on-a-patient.-The-image-should-dep-300x300.png\" class=\"attachment-medium\" alt=\"\" title=\"DALL\u00b7E-2023-12-29-19.35.35-An-educational-illustration-showing-a-dentist-performing-endodontic-treatment-specifically-a-root-canal-procedure-on-a-patient.-The-image-should-dep\" srcset=\"https:\/\/ruyangenctunc.com\/wp-content\/uploads\/2023\/12\/DALL\u00b7E-2023-12-29-19.35.35-An-educational-illustration-showing-a-dentist-performing-endodontic-treatment-specifically-a-root-canal-procedure-on-a-patient.-The-image-should-dep-300x300.png 300w, https:\/\/ruyangenctunc.com\/wp-content\/uploads\/2023\/12\/DALL\u00b7E-2023-12-29-19.35.35-An-educational-illustration-showing-a-dentist-performing-endodontic-treatment-specifically-a-root-canal-procedure-on-a-patient.-The-image-should-dep-150x150.png 150w, https:\/\/ruyangenctunc.com\/wp-content\/uploads\/2023\/12\/DALL\u00b7E-2023-12-29-19.35.35-An-educational-illustration-showing-a-dentist-performing-endodontic-treatment-specifically-a-root-canal-procedure-on-a-patient.-The-image-should-dep-768x768.png 768w, https:\/\/ruyangenctunc.com\/wp-content\/uploads\/2023\/12\/DALL\u00b7E-2023-12-29-19.35.35-An-educational-illustration-showing-a-dentist-performing-endodontic-treatment-specifically-a-root-canal-procedure-on-a-patient.-The-image-should-dep-12x12.png 12w, https:\/\/ruyangenctunc.com\/wp-content\/uploads\/2023\/12\/DALL\u00b7E-2023-12-29-19.35.35-An-educational-illustration-showing-a-dentist-performing-endodontic-treatment-specifically-a-root-canal-procedure-on-a-patient.-The-image-should-dep-100x100.png 100w, https:\/\/ruyangenctunc.com\/wp-content\/uploads\/2023\/12\/DALL\u00b7E-2023-12-29-19.35.35-An-educational-illustration-showing-a-dentist-performing-endodontic-treatment-specifically-a-root-canal-procedure-on-a-patient.-The-image-should-dep.png 1024w\" sizes=\"auto, (max-width: 300px) 100vw, 300px\" \/><\/a><div class=\"flex-caption\"><h2 class=\"post-title\"><a class=\"link_image\" href=\"https:\/\/ruyangenctunc.com\/tr\/kanal-tedavisi\/\" title=\"Permalink to Kanal Tedavisi\">Kanal Tedavisi<\/a><\/h2><p>Endodonti Nedir? Endodonti, di\u015f pulpas\u0131 ve \u00e7evre dokular\u0131n hastal\u0131klar\u0131n\u0131n ve yaralanmalar\u0131n\u0131n te\u015fhisi, tedavisi ve \u00f6nlenmesi ile ilgilenen di\u015f hekimli\u011finin uzmanl\u0131k alan\u0131d\u0131r. Endodontide en s\u0131k yap\u0131lan i\u015flem k\u00f6k kanal tedavisidir. Di\u015f Pulpa: Nedir? Her di\u015fin i\u00e7inde, sinirler, kan damarlar\u0131 ve ba\u011f dokusu i\u00e7eren yumu\u015fak bir doku olan di\u015f pulpas\u0131 bulunur. Bu pulpa, di\u015fin tac\u0131ndan k\u00f6klerin ucuna<\/p>\n<\/div><\/li><li><a class=\"link_image\" href=\"https:\/\/ruyangenctunc.com\/tr\/cocuk-dis-hekimligi\/\" title=\"Permalink to \u00c7ocuk Di\u015f Hekimli\u011fi\"><img loading=\"lazy\" decoding=\"async\" width=\"300\" height=\"300\" src=\"https:\/\/ruyangenctunc.com\/wp-content\/uploads\/2023\/12\/DALL\u00b7E-2023-12-29-19.26.55-A-warm-and-inviting-pediatric-dentists-office-designed-to-be-child-friendly.-The-scene-includes-colorful-decorations-dental-chairs-sized-for-childr-300x300.png\" class=\"attachment-medium\" alt=\"\" title=\"DALL\u00b7E-2023-12-29-19.26.55-A-warm-and-inviting-pediatric-dentists-office-designed-to-be-child-friendly.-The-scene-includes-colorful-decorations-dental-chairs-sized-for-childr\" srcset=\"https:\/\/ruyangenctunc.com\/wp-content\/uploads\/2023\/12\/DALL\u00b7E-2023-12-29-19.26.55-A-warm-and-inviting-pediatric-dentists-office-designed-to-be-child-friendly.-The-scene-includes-colorful-decorations-dental-chairs-sized-for-childr-300x300.png 300w, https:\/\/ruyangenctunc.com\/wp-content\/uploads\/2023\/12\/DALL\u00b7E-2023-12-29-19.26.55-A-warm-and-inviting-pediatric-dentists-office-designed-to-be-child-friendly.-The-scene-includes-colorful-decorations-dental-chairs-sized-for-childr-150x150.png 150w, https:\/\/ruyangenctunc.com\/wp-content\/uploads\/2023\/12\/DALL\u00b7E-2023-12-29-19.26.55-A-warm-and-inviting-pediatric-dentists-office-designed-to-be-child-friendly.-The-scene-includes-colorful-decorations-dental-chairs-sized-for-childr-768x768.png 768w, https:\/\/ruyangenctunc.com\/wp-content\/uploads\/2023\/12\/DALL\u00b7E-2023-12-29-19.26.55-A-warm-and-inviting-pediatric-dentists-office-designed-to-be-child-friendly.-The-scene-includes-colorful-decorations-dental-chairs-sized-for-childr-12x12.png 12w, https:\/\/ruyangenctunc.com\/wp-content\/uploads\/2023\/12\/DALL\u00b7E-2023-12-29-19.26.55-A-warm-and-inviting-pediatric-dentists-office-designed-to-be-child-friendly.-The-scene-includes-colorful-decorations-dental-chairs-sized-for-childr-100x100.png 100w, https:\/\/ruyangenctunc.com\/wp-content\/uploads\/2023\/12\/DALL\u00b7E-2023-12-29-19.26.55-A-warm-and-inviting-pediatric-dentists-office-designed-to-be-child-friendly.-The-scene-includes-colorful-decorations-dental-chairs-sized-for-childr.png 1024w\" sizes=\"auto, (max-width: 300px) 100vw, 300px\" \/><\/a><div class=\"flex-caption\"><h2 class=\"post-title\"><a class=\"link_image\" href=\"https:\/\/ruyangenctunc.com\/tr\/cocuk-dis-hekimligi\/\" title=\"Permalink to \u00c7ocuk Di\u015f Hekimli\u011fi\">\u00c7ocuk Di\u015f Hekimli\u011fi<\/a><\/h2><p>Bir ebeveyn olarak \u00e7ocu\u011funuz i\u00e7in en iyisini istersiniz ve bu, oral sa\u011fl\u0131klar\u0131n\u0131 da i\u00e7erir. Pediyatrik di\u015f hekimli\u011fi, bebeklikten ergenli\u011fe kadar \u00e7ocuklar\u0131n di\u015f, di\u015f eti ve genel a\u011f\u0131z sa\u011fl\u0131\u011f\u0131 ile ilgilenen uzmanla\u015fm\u0131\u015f bir aland\u0131r. Bu yaz\u0131da, pediyatrik di\u015f hekimli\u011finin ne oldu\u011funu, neden \u00f6nemli oldu\u011funu ve k\u00fc\u00e7\u00fckleriniz i\u00e7in hangi tedavilerin mevcut oldu\u011funu ke\u015ffedece\u011fiz. Pediyatrik Di\u015f Hekimli\u011fi Nedir?<\/p>\n<\/div><\/li><\/ul><\/div>\n\t\t<\/div>\n\t<\/div>\n<\/div><\/div><\/div>\n","protected":false},"excerpt":{"rendered":"Bir ebeveyn olarak \u00e7ocu\u011funuz i\u00e7in en iyisini istersiniz ve bu, oral sa\u011fl\u0131klar\u0131n\u0131 da i\u00e7erir. Pediyatrik di\u015f hekimli\u011fi, bebeklikten ergenli\u011fe kadar \u00e7ocuklar\u0131n di\u015f, di\u015f eti ve genel a\u011f\u0131z sa\u011fl\u0131\u011f\u0131 ile ilgilenen uzmanla\u015fm\u0131\u015f bir aland\u0131r. Bu yaz\u0131da, pediyatrik di\u015f hekimli\u011finin ne oldu\u011funu, neden \u00f6nemli oldu\u011funu ve k\u00fc\u00e7\u00fckleriniz i\u00e7in hangi tedavilerin mevcut oldu\u011funu ke\u015ffedece\u011fiz. Pediyatrik Di\u015f Hekimli\u011fi Nedir?","protected":false},"author":1,"featured_media":0,"parent":0,"menu_order":0,"comment_status":"open","ping_status":"closed","template":"template-blog.php","meta":{"_coblocks_attr":"","_coblocks_dimensions":"","_coblocks_responsive_height":"","_coblocks_accordion_ie_support":"","footnotes":""},"class_list":["post-1738","page","type-page","status-publish","hentry"],"_links":{"self":[{"href":"https:\/\/ruyangenctunc.com\/tr\/wp-json\/wp\/v2\/pages\/1738","targetHints":{"allow":["GET"]}}],"collection":[{"href":"https:\/\/ruyangenctunc.com\/tr\/wp-json\/wp\/v2\/pages"}],"about":[{"href":"https:\/\/ruyangenctunc.com\/tr\/wp-json\/wp\/v2\/types\/page"}],"author":[{"embeddable":true,"href":"https:\/\/ruyangenctunc.com\/tr\/wp-json\/wp\/v2\/users\/1"}],"replies":[{"embeddable":true,"href":"https:\/\/ruyangenctunc.com\/tr\/wp-json\/wp\/v2\/comments?post=1738"}],"version-history":[{"count":4,"href":"https:\/\/ruyangenctunc.com\/tr\/wp-json\/wp\/v2\/pages\/1738\/revisions"}],"predecessor-version":[{"id":5291,"href":"https:\/\/ruyangenctunc.com\/tr\/wp-json\/wp\/v2\/pages\/1738\/revisions\/5291"}],"wp:attachment":[{"href":"https:\/\/ruyangenctunc.com\/tr\/wp-json\/wp\/v2\/media?parent=1738"}],"curies":[{"name":"wp","href":"https:\/\/api.w.org\/{rel}","templated":true}]}}